{"id":263,"date":"2020-09-13T21:40:23","date_gmt":"2020-09-13T19:40:23","guid":{"rendered":"https:\/\/alexanderkandut.at\/?page_id=263"},"modified":"2021-07-02T13:00:31","modified_gmt":"2021-07-02T11:00:31","slug":"werkskatalog","status":"publish","type":"page","link":"https:\/\/alexanderkandut.at\/?page_id=263","title":{"rendered":"WERKKATALOG"},"content":{"rendered":"\n<blockquote class=\"wp-block-quote is-layout-flow wp-block-quote-is-layout-flow\"><p><span style=\"color:#102690\" class=\"has-inline-color\">&#8230; ist der Umgang mit einer Erinnerung an ein Gef\u00fchl. Der Werkkatalog ist f\u00fcr einen K\u00fcnstler wichtig, weil er immer wiederkehrende Themen und die Ver\u00e4nderung der Qualit\u00e4t wie diese bearbeitet werden dokumentiert.<\/span><\/p><\/blockquote>\n\n\n\n<blockquote class=\"wp-block-quote is-layout-flow wp-block-quote-is-layout-flow\"><p>Diese Seite befindet sich im Aufbau.<\/p><\/blockquote>\n\n\n\n<p><\/p>\n","protected":false},"excerpt":{"rendered":"<p>&#8230; ist der Umgang mit einer Erinnerung an ein Gef\u00fchl. Der Werkkatalog ist f\u00fcr einen K\u00fcnstler wichtig, weil er immer wiederkehrende Themen und die Ver\u00e4nderung der Qualit\u00e4t wie diese bearbeitet werden dokumentiert. Diese Seite befindet sich im Aufbau.<\/p>\n","protected":false},"author":1,"featured_media":0,"parent":0,"menu_order":0,"comment_status":"closed","ping_status":"closed","template":"","meta":{"ngg_post_thumbnail":0,"footnotes":""},"class_list":["post-263","page","type-page","status-publish","hentry"],"_links":{"self":[{"href":"https:\/\/alexanderkandut.at\/index.php?rest_route=\/wp\/v2\/pages\/263","targetHints":{"allow":["GET"]}}],"collection":[{"href":"https:\/\/alexanderkandut.at\/index.php?rest_route=\/wp\/v2\/pages"}],"about":[{"href":"https:\/\/alexanderkandut.at\/index.php?rest_route=\/wp\/v2\/types\/page"}],"author":[{"embeddable":true,"href":"https:\/\/alexanderkandut.at\/index.php?rest_route=\/wp\/v2\/users\/1"}],"replies":[{"embeddable":true,"href":"https:\/\/alexanderkandut.at\/index.php?rest_route=%2Fwp%2Fv2%2Fcomments&post=263"}],"version-history":[{"count":7,"href":"https:\/\/alexanderkandut.at\/index.php?rest_route=\/wp\/v2\/pages\/263\/revisions"}],"predecessor-version":[{"id":1169,"href":"https:\/\/alexanderkandut.at\/index.php?rest_route=\/wp\/v2\/pages\/263\/revisions\/1169"}],"wp:attachment":[{"href":"https:\/\/alexanderkandut.at\/index.php?rest_route=%2Fwp%2Fv2%2Fmedia&parent=263"}],"curies":[{"name":"wp","href":"https:\/\/api.w.org\/{rel}","templated":true}]}}