{"id":51,"date":"2020-08-19T18:15:54","date_gmt":"2020-08-19T16:15:54","guid":{"rendered":"https:\/\/alexanderkandut.at\/?page_id=51"},"modified":"2021-07-02T12:59:50","modified_gmt":"2021-07-02T10:59:50","slug":"projekte","status":"publish","type":"page","link":"https:\/\/alexanderkandut.at\/?page_id=51","title":{"rendered":"PROJEKTE"},"content":{"rendered":"\n<blockquote class=\"wp-block-quote is-layout-flow wp-block-quote-is-layout-flow\"><p><span style=\"color:#102690\" class=\"has-inline-color\">&#8230; sind der Versuch zu einem gro\u00dfen Thema eine verdichtete Arbeit herzustellen. Als Beispiel konnte ich in Paris eine neue Skulptur quasi als Keim in den Ackerboden einer historischen sakralen Umgebung pflanzen. Bei dieser Wandlung und Transformation spielt Geld f\u00fcr mich dann auch keine Rolle mehr: Bewusstwerdung.<\/span><\/p><cite><span style=\"color:#102690\" class=\"has-inline-color\">Alexander Kandut \u00fcber seine Projekte 2021<\/span><\/cite><\/blockquote>\n\n\n\n<p>1987 &#8211; Kleine Galerie im K\u00fcnstlerhaus Klagenfurt, <strong>&#8222;Von Strichen und Formen&#8220;<\/strong><br>1988 &#8211; Atelier 2000 in Wien, <strong>&#8222;St\u00fcck-Weg-St\u00fcck, zu den Punkten an den S\u00e4ulen&#8220;<\/strong><br>1995-96 &#8211; Ordination Dr. Menzl- Steinbrecher, Linz, <strong>&#8222;Es wandelt sich das Rot&#8220;<\/strong><br>1996 &#8211; Lagerr\u00e4ume des Kunsthandels Riss, Wien, <strong>&#8222;Erweitertes Ateliergespr\u00e4ch&#8220;<\/strong><br>1996 &#8211; Volksbank Friesach, K\u00e4rnten, <strong>&#8222;Figuren und Studien&#8220;<\/strong><br>1997 &#8211; Galerie um 11 K\u00fcnstlerhaus Klagenfurt, Graphik<br>1998 &#8211; Optiker Hartmann, Wien, Holzplastiken, <strong>&#8222;Vier Pilger unterwegs zum Dom&#8220;<\/strong><br>2001 &#8211; Katholische Hochschulgemeinde Klagenfurt, Graphik, <strong>&#8222;Gedanken zur Skulptur&#8220;<\/strong><br>2001 &#8211; Wien, zwei Wochen Atelier-Presentation, <strong>&#8222;Beginnende Zentrierung&#8220;<\/strong><br>2002 &#8211; Bildungshaus St. Georgen am L\u00e4ngsee,<strong> &#8222;Vom Entstehen der Lichtwesen&#8220;<\/strong>, Zeichnungen und Aquarelle<br>2006 &#8211; Galerie Freihausgasse, <strong>&#8222;Fu\u00dfbekleidung f\u00fcr einen Fremden&#8220;<\/strong><br>2011 &#8211; Schlo\u00df Rosegg, Rosegg, <strong>&#8222;Pars pro toto \u2013 \u00dcber die Geometrie des inneren Raumes\u201d<\/strong><br>2011 &#8211; B\u00e4ckerei Taumberger, <strong>&#8222;Variable Form im \u00f6ffentlichen Raum\u201d<\/strong><br>2011 &#8211; Schlo\u00df Rosegg, Rosegg, <strong>&#8222;Pars pro toto &#8211; \u00fcber die Geometrie des inneren Raumes&#8220;<\/strong><br>2011\/12 &#8211; Palais Salzamt, Klagenfurt, <strong>&#8222;Variable Form im \u00f6ffentlichen Raum&#8220;<\/strong><br>2012 &#8211; Barmherzige Br\u00fcder, St. Veit an der Glan, <strong>&#8222;Pforten zur Heilung&#8220;<\/strong><br>2012 &#8211; Steinhaus, Steindorf, <strong>&#8222;Vom Objektbewu\u00dftsein zum Raumbewu\u00dftsein &#8211; Umkehr zur Quelle&#8220;<\/strong><br>2012 &#8211; Elisabethinen, EKH-Klagenfurt, <strong>&#8222;Orte der Harmonie&#8220;<\/strong><br>2016 &#8211; Evangelische Kirche Villach, Galerie im Markushof,<br><strong>&#8222;Aus negativen Kr\u00e4ften &#8211; Wandlungsenergie am falschen Ort, Ende einer vergeblichen Liebe&#8220;<\/strong><br>2016 &#8211; Lange Nacht der Museen &#8211; Innenhofkulturlounge <strong>&#8222;Eckkunst &#8211; Beziehungskiste&#8220;<\/strong><\/p>\n\n\n\n<blockquote class=\"wp-block-quote is-layout-flow wp-block-quote-is-layout-flow\"><p>Diese Seite befindet sich im Aufbau.<\/p><\/blockquote>\n","protected":false},"excerpt":{"rendered":"<p>&#8230; sind der Versuch zu einem gro\u00dfen Thema eine verdichtete Arbeit herzustellen. Als Beispiel konnte ich in Paris eine neue Skulptur quasi als Keim in den Ackerboden einer historischen sakralen Umgebung pflanzen. Bei dieser Wandlung und Transformation spielt Geld f\u00fcr mich dann auch keine Rolle mehr: Bewusstwerdung. Alexander Kandut \u00fcber seine Projekte 2021 1987 &#8211; [&hellip;]<\/p>\n","protected":false},"author":1,"featured_media":0,"parent":0,"menu_order":0,"comment_status":"closed","ping_status":"closed","template":"","meta":{"ngg_post_thumbnail":0,"footnotes":""},"class_list":["post-51","page","type-page","status-publish","hentry"],"_links":{"self":[{"href":"https:\/\/alexanderkandut.at\/index.php?rest_route=\/wp\/v2\/pages\/51","targetHints":{"allow":["GET"]}}],"collection":[{"href":"https:\/\/alexanderkandut.at\/index.php?rest_route=\/wp\/v2\/pages"}],"about":[{"href":"https:\/\/alexanderkandut.at\/index.php?rest_route=\/wp\/v2\/types\/page"}],"author":[{"embeddable":true,"href":"https:\/\/alexanderkandut.at\/index.php?rest_route=\/wp\/v2\/users\/1"}],"replies":[{"embeddable":true,"href":"https:\/\/alexanderkandut.at\/index.php?rest_route=%2Fwp%2Fv2%2Fcomments&post=51"}],"version-history":[{"count":6,"href":"https:\/\/alexanderkandut.at\/index.php?rest_route=\/wp\/v2\/pages\/51\/revisions"}],"predecessor-version":[{"id":1168,"href":"https:\/\/alexanderkandut.at\/index.php?rest_route=\/wp\/v2\/pages\/51\/revisions\/1168"}],"wp:attachment":[{"href":"https:\/\/alexanderkandut.at\/index.php?rest_route=%2Fwp%2Fv2%2Fmedia&parent=51"}],"curies":[{"name":"wp","href":"https:\/\/api.w.org\/{rel}","templated":true}]}}