{"id":829,"date":"2021-02-05T09:59:54","date_gmt":"2021-02-05T08:59:54","guid":{"rendered":"https:\/\/alexanderkandut.at\/?page_id=829"},"modified":"2021-03-30T14:25:07","modified_gmt":"2021-03-30T12:25:07","slug":"phasenspezifische-werkauswahl","status":"publish","type":"page","link":"https:\/\/alexanderkandut.at\/?page_id=829","title":{"rendered":"WEG DER FORM"},"content":{"rendered":"\n<p>2019 \u2013 20 <\/p>\n\n\n\n<p><strong>EINE SCHLAFENDE ENERGIE BEGINNT SICH ZU ZEIGEN<\/strong><\/p>\n\n\n\n<p>2019 <\/p>\n\n\n\n<p><strong>GEFL\u00dcGELTER BEGLEITER<\/strong> 2018, Nu\u00df, gewei\u00dft<\/p>\n\n\n\n<p>2018 <\/p>\n\n\n\n<p>Viennese Opera Ball, New York; <strong>MOMENT IN DIR<\/strong><\/p>\n\n\n\n<p>2017 <\/p>\n\n\n\n<p>Galerie de la Tour, Klagenfurt; <strong>VERENGELN<\/strong> Skulpturen, Objekte und Zeichnungen mit de la Tour K\u00fcnstlern<\/p>\n\n\n\n<p>2015 <\/p>\n\n\n\n<p>EKH, Klagenfurt, <strong>FLIE\u00dfEN AUS DER MITTE, EBEN DER INNEREN BEWEGUNG FOLGEN, BIS NICHTS \u00dcBRIG BLEIBT VON DEM FEST DER OBERFL\u00c4CHLICHKEIT IN DIR<\/strong><\/p>\n\n\n\n<p>2014 <\/p>\n\n\n\n<p>Atelierer\u00f6ffnung Domgasse, Klagenfurt; <strong>SPUR DES MOMENTHAFTEN IN ERSCHEINENDER FORM BLEIBT<\/strong> <\/p>\n\n\n\n<p>2011 \u2013 12 <\/p>\n\n\n\n<p>Palais Salzamt, Klagenfurt; <strong>VARIABLE FORM IM \u00d6FFENTLICHEN RAUM<\/strong><\/p>\n\n\n\n<p>2008 <\/p>\n\n\n\n<p><strong>BEGINNENDE ERINNERUNG AN DIE EINE ORDNUNG<\/strong><\/p>\n\n\n\n<p>2005 <\/p>\n\n\n\n<p>Ronachers Arche des Waldes auf der B\u00fcrgeralpe bei Mariazell; Teil des Er\u00f6ffnungs-Zyklus mit <strong>DREI TAN-TIEN<\/strong><\/p>\n\n\n\n<p>1998 \u2013&nbsp; 99 <\/p>\n\n\n\n<p>Salzburg; Initiationskulptur <strong>M\u00c4NNLICHE ENERGIE <\/strong>Wien; <strong>ZYKLUS ROHE FORM<\/strong><\/p>\n\n\n\n<p>1988 <\/p>\n\n\n\n<p>Galerie Atelier 2000, Wien; <strong>ST\u00dcCK-WEG-ST\u00dcCK ZU DEN PUNKTEN AN DEN S\u00c4ULEN <\/strong><\/p>\n\n\n\n<p>1987 <\/p>\n\n\n\n<p>Kleine Galerie im K\u00fcnstlerhaus Klagenfurt; <strong>VON STRICHEN UND FORMEN<\/strong><br><\/p>\n","protected":false},"excerpt":{"rendered":"<p>2019 \u2013 20 EINE SCHLAFENDE ENERGIE BEGINNT SICH ZU ZEIGEN 2019 GEFL\u00dcGELTER BEGLEITER 2018, Nu\u00df, gewei\u00dft 2018 Viennese Opera Ball, New York; MOMENT IN DIR 2017 Galerie de la Tour, Klagenfurt; VERENGELN Skulpturen, Objekte und Zeichnungen mit de la Tour K\u00fcnstlern 2015 EKH, Klagenfurt, FLIE\u00dfEN AUS DER MITTE, EBEN DER INNEREN BEWEGUNG FOLGEN, BIS NICHTS [&hellip;]<\/p>\n","protected":false},"author":1,"featured_media":0,"parent":0,"menu_order":0,"comment_status":"closed","ping_status":"closed","template":"","meta":{"ngg_post_thumbnail":0,"footnotes":""},"class_list":["post-829","page","type-page","status-publish","hentry"],"_links":{"self":[{"href":"https:\/\/alexanderkandut.at\/index.php?rest_route=\/wp\/v2\/pages\/829","targetHints":{"allow":["GET"]}}],"collection":[{"href":"https:\/\/alexanderkandut.at\/index.php?rest_route=\/wp\/v2\/pages"}],"about":[{"href":"https:\/\/alexanderkandut.at\/index.php?rest_route=\/wp\/v2\/types\/page"}],"author":[{"embeddable":true,"href":"https:\/\/alexanderkandut.at\/index.php?rest_route=\/wp\/v2\/users\/1"}],"replies":[{"embeddable":true,"href":"https:\/\/alexanderkandut.at\/index.php?rest_route=%2Fwp%2Fv2%2Fcomments&post=829"}],"version-history":[{"count":5,"href":"https:\/\/alexanderkandut.at\/index.php?rest_route=\/wp\/v2\/pages\/829\/revisions"}],"predecessor-version":[{"id":909,"href":"https:\/\/alexanderkandut.at\/index.php?rest_route=\/wp\/v2\/pages\/829\/revisions\/909"}],"wp:attachment":[{"href":"https:\/\/alexanderkandut.at\/index.php?rest_route=%2Fwp%2Fv2%2Fmedia&parent=829"}],"curies":[{"name":"wp","href":"https:\/\/api.w.org\/{rel}","templated":true}]}}