{"id":833,"date":"2021-02-05T10:04:35","date_gmt":"2021-02-05T09:04:35","guid":{"rendered":"https:\/\/alexanderkandut.at\/?page_id=833"},"modified":"2021-03-30T14:22:09","modified_gmt":"2021-03-30T12:22:09","slug":"raumqualitaten","status":"publish","type":"page","link":"https:\/\/alexanderkandut.at\/?page_id=833","title":{"rendered":"RAUMQUALIT\u00c4TEN"},"content":{"rendered":"\n<p>2020 <\/p>\n\n\n\n<p><strong>RUHENDE BEWEGUNG &#8211; VOM NEUEN RAUM TR\u00c4UMEN(D)<\/strong><\/p>\n\n\n\n<p>2019 <\/p>\n\n\n\n<p>Haus der Architektur, Stadtgalerie Klagenfurt; <strong>KOMPASS DER BEHARRLICHKEIT<\/strong><\/p>\n\n\n\n<p>2017 \u2013 20 <\/p>\n\n\n\n<p>Erste Phase des Skulpturen-Ensembles <strong>LICHT-SCHATTEN, FORMKRANZ EINER ENTSCHEIDUNG<\/strong>,<br>Paris, Notre-Dame de Pontmain, mit Montage der Grundelemente<\/p>\n\n\n\n<p>2012 \u2013 14 <\/p>\n\n\n\n<p>Krankenhaus der Elisabethinen, Klagenfurt; <strong>ORTE DER HARMONIE<\/strong><\/p>\n\n\n\n<p>2012 <\/p>\n\n\n\n<p>Domenig Steinhaus, Ossiach; <strong>VOM OBJEKTBEWU\u00dfTSEIN  ZUM RAUMBEWU\u00dfTSEIN &#8211; UMKEHR ZUR QUELLE<\/strong><\/p>\n\n\n\n<p>2012 <\/p>\n\n\n\n<p>Krankenhaus der Barmherzige Br\u00fcder, St. Veit an der Glan; <strong>PFORTEN DER HEILUNG<\/strong><\/p>\n\n\n\n<p>2011 <\/p>\n\n\n\n<p>Schlo\u00df Rosegg, K\u00e4rnten; <strong>PARS PRO TOTO &#8211; \u00dcBER DIE GEOMETRIE DES INNEREN RAUMES<\/strong><\/p>\n\n\n\n<p>2006 \u2013 07 <\/p>\n\n\n\n<p>Galerie Freihausgasse, Villach; <strong>FU\u00dfBEKLEIDUNG F\u00dcR EINEN FREMDEN<\/strong><\/p>\n\n\n\n<p>2001 <\/p>\n\n\n\n<p>Schloss Reitenau, Steiermark; SKULPTUREN UND SCHMUCK Gemeinschaftsausstellung,<br><strong>ZWISCHEN ZWEIFEL UND FREUDE GEKL\u00c4RT, GEBOREN IST MIR DIE F\u00dcNF<\/strong><\/p>\n\n\n\n<p>2001 <\/p>\n\n\n\n<p>Atelier-Pr\u00e4sentation, Wien; <strong>BEGINNENDE ZENTRIERUNG<\/strong><\/p>\n","protected":false},"excerpt":{"rendered":"<p>2020 RUHENDE BEWEGUNG &#8211; VOM NEUEN RAUM TR\u00c4UMEN(D) 2019 Haus der Architektur, Stadtgalerie Klagenfurt; KOMPASS DER BEHARRLICHKEIT 2017 \u2013 20 Erste Phase des Skulpturen-Ensembles LICHT-SCHATTEN, FORMKRANZ EINER ENTSCHEIDUNG,Paris, Notre-Dame de Pontmain, mit Montage der Grundelemente 2012 \u2013 14 Krankenhaus der Elisabethinen, Klagenfurt; ORTE DER HARMONIE 2012 Domenig Steinhaus, Ossiach; VOM OBJEKTBEWU\u00dfTSEIN ZUM RAUMBEWU\u00dfTSEIN &#8211; UMKEHR [&hellip;]<\/p>\n","protected":false},"author":1,"featured_media":0,"parent":0,"menu_order":0,"comment_status":"closed","ping_status":"closed","template":"","meta":{"ngg_post_thumbnail":0,"footnotes":""},"class_list":["post-833","page","type-page","status-publish","hentry"],"_links":{"self":[{"href":"https:\/\/alexanderkandut.at\/index.php?rest_route=\/wp\/v2\/pages\/833","targetHints":{"allow":["GET"]}}],"collection":[{"href":"https:\/\/alexanderkandut.at\/index.php?rest_route=\/wp\/v2\/pages"}],"about":[{"href":"https:\/\/alexanderkandut.at\/index.php?rest_route=\/wp\/v2\/types\/page"}],"author":[{"embeddable":true,"href":"https:\/\/alexanderkandut.at\/index.php?rest_route=\/wp\/v2\/users\/1"}],"replies":[{"embeddable":true,"href":"https:\/\/alexanderkandut.at\/index.php?rest_route=%2Fwp%2Fv2%2Fcomments&post=833"}],"version-history":[{"count":3,"href":"https:\/\/alexanderkandut.at\/index.php?rest_route=\/wp\/v2\/pages\/833\/revisions"}],"predecessor-version":[{"id":908,"href":"https:\/\/alexanderkandut.at\/index.php?rest_route=\/wp\/v2\/pages\/833\/revisions\/908"}],"wp:attachment":[{"href":"https:\/\/alexanderkandut.at\/index.php?rest_route=%2Fwp%2Fv2%2Fmedia&parent=833"}],"curies":[{"name":"wp","href":"https:\/\/api.w.org\/{rel}","templated":true}]}}