{"id":96,"date":"2020-08-20T16:41:49","date_gmt":"2020-08-20T14:41:49","guid":{"rendered":"https:\/\/alexanderkandut.at\/?page_id=96"},"modified":"2021-07-02T12:55:28","modified_gmt":"2021-07-02T10:55:28","slug":"biografie","status":"publish","type":"page","link":"https:\/\/alexanderkandut.at\/?page_id=96","title":{"rendered":"BIOGRAPHIE"},"content":{"rendered":"\n<blockquote class=\"wp-block-quote is-layout-flow wp-block-quote-is-layout-flow\"><p><span style=\"color:#102690\" class=\"has-inline-color\">Erst sp\u00e4t kam ich in die Weisheit, die meine Arbeit braucht&#8230;<\/span><\/p><cite><span style=\"color:#102690\" class=\"has-inline-color\">sagt Alexander Kandut \u00fcber Biographie<\/span><\/cite><\/blockquote>\n\n\n\n<p><strong>1962 <\/strong>&#8211; Geboren in Klagenfurt, \u00d6sterreich<\/p>\n\n\n\n<p><strong>1982\/83<\/strong> &#8211; Kreatives Spiel, Objekte aus Draht und Bl\u00e4ttern, meditative Kritzl- und Blindzeichnungen<\/p>\n\n\n\n<p><strong>1984\/88<\/strong> &#8211; Studium an der Akademie der Bildenden K\u00fcnste, Meisterklasse bei Prof. Bruno Gironcoli<\/p>\n\n\n\n<p><strong>1989\/91<\/strong> &#8211; Theologiestudium in Salzburg \u2013 Reflexionen \u00fcber das SEIN, Zyklus: METAPHYSISCHE STUDIEN ZUR FORM<\/p>\n\n\n\n<p><strong>1990\/95<\/strong>  &#8211; Studienaufenthalte in Rom, Paris, Ipplis, Berlin &#8211; graphischer Block<\/p>\n\n\n\n<p><strong>1997\/00<\/strong> &#8211; skulpturale Arbeit an der ROHEN FORM und graphische Findung der DURCHL\u00c4SSIGEN FORM<\/p>\n\n\n\n<p><strong>2000<\/strong> &#8211; International Sculpture Symposium, Chang-Chun, China; Granitskulptur LIGHT BEING TOUCHES THE SLEEPING DRAGON<\/p>\n\n\n\n<p><strong>2001<\/strong> &#8211; GEISTIGES ATELIER im Bildungshaus St. Georgen am L\u00e4ngsee, mit einer Workshop-Trilogie: GEISTWESEN UND DOCH KEIN ENGEL, VOM FUNKEN ZUR GESTALT, KUNST F\u00dcR UNS<\/p>\n\n\n\n<p><strong>2003<\/strong> &#8211; Pfarrkirche in Krumpendorf, K\u00e4rnten; \u00fcberlebensgro\u00dfe Nussholzplastiken RASTENDER GABRIEL UND&nbsp; WIRKENDER MICHAEL<\/p>\n\n\n\n<p><strong>2006\/07<\/strong> &#8211; Ausstellung erster Arbeiten zur DURCHL\u00c4SSIGEN FORM, Villach; FU\u00dfBEKLEIDUNG F\u00dcR EINEN FREMDEN<\/p>\n\n\n\n<p><strong>2011<\/strong> &#8211; Schlo\u00df Rosegg, K\u00e4rnten; PARS PRO TOTO &#8211; \u00dcBER DIE GEOMETRIE DES INNEREN RAUMES<\/p>\n\n\n\n<p><strong>2012<\/strong> &#8211; Domenig Steinhaus, Ossiach; VOM OBJEKTBEWU\u00dfTSEIN ZUM RAUMBEWU\u00dfTSEIN &#8211; UMKEHR ZUR QUELLE<\/p>\n\n\n\n<p><strong>2016\/17<\/strong> &#8211; Verlust beider Eltern und eine anschlie\u00dfende transformative Reise nach Indien, die festgefahrene Strukturen l\u00f6st &#8211; es entstehen graphische Begegnungen zwischen der DURCHL\u00c4SSIGEN FORM und dem MULTIDIMENSIONALEN RAUM <\/p>\n\n\n\n<p><strong>2017\/20<\/strong> &#8211; Notre-Dame de Pontmain, Paris; Erste Phase des Skulpturen-Ensembles LICHT-SCHATTEN, FORMKRANZ EINER ENTSCHEIDUNG<\/p>\n\n\n\n<p><strong>2019<\/strong> &#8211; Haus der Architektur, Klagenfurt; KOMPASS DER BEHARRLICHKEIT, mehrschichtige Rauminstallation f\u00fcr ein sich neu entwickelndes Beziehungsfeld im Menschen<\/p>\n\n\n\n<p>2019\/20 &#8211; EINE SCHLAFENDE ENERGIE BEGINNT SICH ZU ZEIGEN, erste Arbeiten zur NEUEN FORM<\/p>\n\n\n\n<blockquote class=\"wp-block-quote is-layout-flow wp-block-quote-is-layout-flow\"><p><span style=\"color:#102690\" class=\"has-inline-color\">&#8230; Kunst ist eine Antwort auf innere Ber\u00fchrung.<\/span><\/p><\/blockquote>\n\n\n\n<p><br><\/p>\n","protected":false},"excerpt":{"rendered":"<p>Erst sp\u00e4t kam ich in die Weisheit, die meine Arbeit braucht&#8230; sagt Alexander Kandut \u00fcber Biographie 1962 &#8211; Geboren in Klagenfurt, \u00d6sterreich 1982\/83 &#8211; Kreatives Spiel, Objekte aus Draht und Bl\u00e4ttern, meditative Kritzl- und Blindzeichnungen 1984\/88 &#8211; Studium an der Akademie der Bildenden K\u00fcnste, Meisterklasse bei Prof. Bruno Gironcoli 1989\/91 &#8211; Theologiestudium in Salzburg \u2013 [&hellip;]<\/p>\n","protected":false},"author":1,"featured_media":0,"parent":0,"menu_order":0,"comment_status":"closed","ping_status":"closed","template":"","meta":{"ngg_post_thumbnail":0,"footnotes":""},"class_list":["post-96","page","type-page","status-publish","hentry"],"_links":{"self":[{"href":"https:\/\/alexanderkandut.at\/index.php?rest_route=\/wp\/v2\/pages\/96","targetHints":{"allow":["GET"]}}],"collection":[{"href":"https:\/\/alexanderkandut.at\/index.php?rest_route=\/wp\/v2\/pages"}],"about":[{"href":"https:\/\/alexanderkandut.at\/index.php?rest_route=\/wp\/v2\/types\/page"}],"author":[{"embeddable":true,"href":"https:\/\/alexanderkandut.at\/index.php?rest_route=\/wp\/v2\/users\/1"}],"replies":[{"embeddable":true,"href":"https:\/\/alexanderkandut.at\/index.php?rest_route=%2Fwp%2Fv2%2Fcomments&post=96"}],"version-history":[{"count":85,"href":"https:\/\/alexanderkandut.at\/index.php?rest_route=\/wp\/v2\/pages\/96\/revisions"}],"predecessor-version":[{"id":1163,"href":"https:\/\/alexanderkandut.at\/index.php?rest_route=\/wp\/v2\/pages\/96\/revisions\/1163"}],"wp:attachment":[{"href":"https:\/\/alexanderkandut.at\/index.php?rest_route=%2Fwp%2Fv2%2Fmedia&parent=96"}],"curies":[{"name":"wp","href":"https:\/\/api.w.org\/{rel}","templated":true}]}}